{"id":135,"date":"2022-10-31T11:25:51","date_gmt":"2022-10-31T10:25:51","guid":{"rendered":"http:\/\/holocaust.great-site.net\/?page_id=135"},"modified":"2024-04-24T22:46:40","modified_gmt":"2024-04-24T20:46:40","slug":"koncerty","status":"publish","type":"page","link":"https:\/\/artandholocaust.sk\/en\/koncerty\/","title":{"rendered":"Concerts"},"content":{"rendered":"\n<p>1. The concert Quartet for the End of Time by French composer Olivier Messiaen in collaboration with The civil association O. z. Son\u00e1ta from Bratislava. The concert will be a \u201cliving\u201d remembrance of the horrors of the concentration camps during the Second World War and of the racial hatred. It will point out to the power of human might, evil and hate which are present even today in different forms and versions.<\/p>\n\n\n\n<p><strong>The soloists: renowned Slovak artists Juraj Tomka \u2013 violin, Andrej G\u00e1l \u2013 cello, Martin Ad\u00e1mek \u2013 clarinet, Zuzana Bi\u0161\u010d\u00e1kov\u00e1 \u2013 piano, Kamil Mikul\u010d\u00edk \u2013 spoken word<\/strong><\/p>\n\n\n\n<p>2. The concert of the music group Moj\u0161e Band \u2013 young musicians researching and performing Jewish music of Slovakia, especially of the Spi\u0161 region;<\/p>\n\n\n\n<p><strong>The soloists: Michal Pa\u013eko \u2013 cymbalo, singing, Franti\u0161ek Kubi\u0161 \u2013 accordion, Jakub Stra\u010dina \u2013 contrabass, Lukasz Labusga \u2013 tuba<\/strong><\/p>\n","protected":false},"excerpt":{"rendered":"<p>1. The concert Quartet for the End of Time by French composer Olivier Messiaen in collaboration with The civil association O. z. Son\u00e1ta from Bratislava. The concert will be a&hellip;<\/p>\n","protected":false},"author":1,"featured_media":0,"parent":0,"menu_order":0,"comment_status":"closed","ping_status":"closed","template":"","meta":{"_monsterinsights_skip_tracking":false,"_monsterinsights_sitenote_active":false,"_monsterinsights_sitenote_note":"","_monsterinsights_sitenote_category":0,"ngg_post_thumbnail":0},"translation":{"provider":"WPGlobus","version":"3.0.0","language":"en","enabled_languages":["sk","en"],"languages":{"sk":{"title":true,"content":true,"excerpt":false},"en":{"title":true,"content":true,"excerpt":false}}},"_links":{"self":[{"href":"https:\/\/artandholocaust.sk\/en\/wp-json\/wp\/v2\/pages\/135"}],"collection":[{"href":"https:\/\/artandholocaust.sk\/en\/wp-json\/wp\/v2\/pages"}],"about":[{"href":"https:\/\/artandholocaust.sk\/en\/wp-json\/wp\/v2\/types\/page"}],"author":[{"embeddable":true,"href":"https:\/\/artandholocaust.sk\/en\/wp-json\/wp\/v2\/users\/1"}],"replies":[{"embeddable":true,"href":"https:\/\/artandholocaust.sk\/en\/wp-json\/wp\/v2\/comments?post=135"}],"version-history":[{"count":6,"href":"https:\/\/artandholocaust.sk\/en\/wp-json\/wp\/v2\/pages\/135\/revisions"}],"predecessor-version":[{"id":4675,"href":"https:\/\/artandholocaust.sk\/en\/wp-json\/wp\/v2\/pages\/135\/revisions\/4675"}],"wp:attachment":[{"href":"https:\/\/artandholocaust.sk\/en\/wp-json\/wp\/v2\/media?parent=135"}],"curies":[{"name":"wp","href":"https:\/\/api.w.org\/{rel}","templated":true}]}}