{"id":13,"date":"2022-10-26T12:18:06","date_gmt":"2022-10-26T10:18:06","guid":{"rendered":"http:\/\/holocaust.great-site.net\/?page_id=13"},"modified":"2026-02-25T14:56:22","modified_gmt":"2026-02-25T13:56:22","slug":"nove-muzeum-otvara-svoje-brany-2","status":"publish","type":"page","link":"https:\/\/artandholocaust.sk\/en\/","title":{"rendered":"ART &#038; HOLOCAUST"},"content":{"rendered":"\n<div class=\"is-layout-flow wp-block-group\"><div class=\"wp-block-group__inner-container\">\n<div class=\"wp-block-cover is-light has-custom-content-position is-position-top-left\" style=\"min-height:212px\"><span aria-hidden=\"true\" class=\"wp-block-cover__background has-background-dim-60 has-background-dim has-background-gradient\" style=\"background:linear-gradient(328deg,rgb(255,250,113) 0%,rgb(255,255,255) 76%)\"><\/span><div class=\"wp-block-cover__inner-container\">\n<ul>\n<li><strong><a href=\"http:\/\/artandholocaust.sk\/en\/prednasky\/\" title=\"\">06.02. Lichtenfeld lecture<\/a>. Check the photos in <a href=\"http:\/\/artandholocaust.sk\/fotogaleria\/\" title=\"\">gallery<\/a>.<\/strong><\/li>\n\n\n\n<li><strong>We invite you to the <a href=\"http:\/\/artandholocaust.sk\/en\/vystavy\/\" title=\"\">Ivan K\u00f6hler&#8217;s photo collage exhibition &#8211; RESIDENCE OF DEATH<\/a>.<\/strong><\/li>\n\n\n\n<li><a href=\"http:\/\/artandholocaust.sk\/en\/zaujimave-citanie\/\" title=\"\">The story of Helena Citr\u00f3nov\u00e1<\/a><\/li>\n\n\n\n<li><strong>17.1.<\/strong> <strong><a href=\"http:\/\/artandholocaust.sk\/en\/aktualne\/\" title=\"\">  International Holocaust Remembrance Day<\/a><\/strong><\/li>\n<\/ul>\n<\/div><\/div>\n\n\n\n<div style=\"height:39px\" aria-hidden=\"true\" class=\"wp-block-spacer\"><\/div>\n<\/div><\/div>\n\n\n\n<p class=\"has-drop-cap\">Tatra Gallery Poprad is established and organizes its activities within the wider area of the historical Spi\u0161 county in Pre\u0161ov self-governing region and its districts Poprad, Ke\u017emarok, Star\u00e1 \u013dubov\u0148a, Levo\u010da. The region is a place in which various ethnicities, nations and nationalities had lived in mutual agreement. It was changed during the Second World War when many people from among the Jews and Roma of the region were deported to the concentration camps. Recently, the number of the Roma population in the region is increasing which causes the growth of extremism, racism and xenophobia especially among the young generation. <strong>Spi\u0161 region, which is most populated by this minority, is geographically disadvantaged by its localization in the northeast of Slovakia and it is there where we intend to realize most of our project activities.<\/strong>..<\/p>\n\n\n\n<div style=\"height:19px\" aria-hidden=\"true\" class=\"wp-block-spacer\"><\/div>\n\n\n\n<div class=\"is-layout-flex wp-container-8 wp-block-columns alignwide\">\n<div class=\"is-layout-flow wp-block-column\">\n<div class=\"is-layout-flow wp-block-group\"><div class=\"wp-block-group__inner-container\">\n<figure class=\"wp-block-image alignfull size-large\"><img decoding=\"async\" loading=\"lazy\" width=\"1024\" height=\"683\" src=\"http:\/\/artandholocaust.sk\/wp-content\/uploads\/2023\/03\/DSC8410-1024x683.jpg\" alt=\"\" class=\"wp-image-1411\" srcset=\"https:\/\/artandholocaust.sk\/wp-content\/uploads\/2023\/03\/DSC8410-1024x683.jpg 1024w, https:\/\/artandholocaust.sk\/wp-content\/uploads\/2023\/03\/DSC8410-300x200.jpg 300w, https:\/\/artandholocaust.sk\/wp-content\/uploads\/2023\/03\/DSC8410-768x512.jpg 768w, https:\/\/artandholocaust.sk\/wp-content\/uploads\/2023\/03\/DSC8410-150x100.jpg 150w, https:\/\/artandholocaust.sk\/wp-content\/uploads\/2023\/03\/DSC8410.jpg 1280w\" sizes=\"(max-width: 1024px) 100vw, 1024px\" \/><\/figure>\n\n\n\n<h3 class=\"has-text-align-center\">Project objectives<\/h3>\n\n\n\n<div class=\"wp-block-button aligncenter is-style-outline\"><a class=\"wp-block-button__link has-black-color has-text-color has-background wp-element-button\" href=\"http:\/\/artandholocaust.sk\/en\/ciel-projektu\/\" style=\"background-color:#f9f271\">Read more<\/a><\/div>\n<\/div><\/div>\n\n\n\n<div style=\"height:100px\" aria-hidden=\"true\" class=\"wp-block-spacer\"><\/div>\n\n\n\n<div class=\"is-layout-flow wp-block-group\"><div class=\"wp-block-group__inner-container\">\n<figure class=\"wp-block-image alignfull size-large\"><img decoding=\"async\" loading=\"lazy\" width=\"1024\" height=\"683\" src=\"http:\/\/artandholocaust.sk\/wp-content\/uploads\/2023\/03\/DSC8341-1024x683.jpg\" alt=\"\" class=\"wp-image-1417\" srcset=\"https:\/\/artandholocaust.sk\/wp-content\/uploads\/2023\/03\/DSC8341-1024x683.jpg 1024w, https:\/\/artandholocaust.sk\/wp-content\/uploads\/2023\/03\/DSC8341-300x200.jpg 300w, https:\/\/artandholocaust.sk\/wp-content\/uploads\/2023\/03\/DSC8341-768x512.jpg 768w, https:\/\/artandholocaust.sk\/wp-content\/uploads\/2023\/03\/DSC8341-150x100.jpg 150w, https:\/\/artandholocaust.sk\/wp-content\/uploads\/2023\/03\/DSC8341.jpg 1280w\" sizes=\"(max-width: 1024px) 100vw, 1024px\" \/><\/figure>\n\n\n\n<h3 class=\"has-text-align-center\">Lectures<\/h3>\n\n\n\n<p><\/p>\n\n\n\n<div class=\"wp-block-button aligncenter is-style-outline\"><a class=\"wp-block-button__link has-black-color has-text-color has-background wp-element-button\" href=\"http:\/\/artandholocaust.sk\/\/en\/prednasky\/\" style=\"background-color:#f9f271\">Read more<\/a><\/div>\n<\/div><\/div>\n<\/div>\n\n\n\n<div class=\"is-layout-flow wp-block-column\">\n<div class=\"is-layout-flow wp-block-group\"><div class=\"wp-block-group__inner-container\">\n<figure class=\"wp-block-image alignfull size-large\"><img decoding=\"async\" loading=\"lazy\" width=\"1024\" height=\"683\" src=\"http:\/\/artandholocaust.sk\/wp-content\/uploads\/2022\/11\/Konferncia-NG-6-1024x683.jpg\" alt=\"\" class=\"wp-image-781\" srcset=\"https:\/\/artandholocaust.sk\/wp-content\/uploads\/2022\/11\/Konferncia-NG-6-1024x683.jpg 1024w, https:\/\/artandholocaust.sk\/wp-content\/uploads\/2022\/11\/Konferncia-NG-6-300x200.jpg 300w, https:\/\/artandholocaust.sk\/wp-content\/uploads\/2022\/11\/Konferncia-NG-6-768x513.jpg 768w, https:\/\/artandholocaust.sk\/wp-content\/uploads\/2022\/11\/Konferncia-NG-6-1536x1025.jpg 1536w, https:\/\/artandholocaust.sk\/wp-content\/uploads\/2022\/11\/Konferncia-NG-6-2048x1367.jpg 2048w, https:\/\/artandholocaust.sk\/wp-content\/uploads\/2022\/11\/Konferncia-NG-6-150x100.jpg 150w\" sizes=\"(max-width: 1024px) 100vw, 1024px\" \/><\/figure>\n\n\n\n<h3 class=\"has-text-align-center\">Participation<\/h3>\n\n\n\n<div class=\"wp-block-button aligncenter is-style-outline\"><a class=\"wp-block-button__link has-black-color has-text-color has-background wp-element-button\" href=\"http:\/\/artandholocaust.sk\/\/en\/participacia\/\" style=\"background-color:#f9f271\">Read more<\/a><\/div>\n<\/div><\/div>\n\n\n\n<div style=\"height:100px\" aria-hidden=\"true\" class=\"wp-block-spacer\"><\/div>\n\n\n\n<div class=\"is-layout-flow wp-block-group\"><div class=\"wp-block-group__inner-container\">\n<figure class=\"wp-block-image alignfull size-large\"><img decoding=\"async\" loading=\"lazy\" width=\"1024\" height=\"710\" src=\"http:\/\/artandholocaust.sk\/wp-content\/uploads\/2023\/03\/DSC8407-1024x710.jpg\" alt=\"\" class=\"wp-image-1401\" srcset=\"https:\/\/artandholocaust.sk\/wp-content\/uploads\/2023\/03\/DSC8407-1024x710.jpg 1024w, https:\/\/artandholocaust.sk\/wp-content\/uploads\/2023\/03\/DSC8407-300x208.jpg 300w, https:\/\/artandholocaust.sk\/wp-content\/uploads\/2023\/03\/DSC8407-768x533.jpg 768w, https:\/\/artandholocaust.sk\/wp-content\/uploads\/2023\/03\/DSC8407.jpg 1280w\" sizes=\"(max-width: 1024px) 100vw, 1024px\" \/><\/figure>\n\n\n\n<h3 class=\"has-text-align-center\">Exhibitions<\/h3>\n\n\n\n<p><\/p>\n\n\n\n<div class=\"wp-block-button aligncenter is-style-outline\"><a class=\"wp-block-button__link has-black-color has-text-color has-background wp-element-button\" href=\"http:\/\/artandholocaust.sk\/\/en\/vystavy\/\" style=\"background-color:#f9f271\">Read more<\/a><\/div>\n\n\n\n<div style=\"height:39px\" aria-hidden=\"true\" class=\"wp-block-spacer\"><\/div>\n<\/div><\/div>\n<\/div>\n<\/div>\n\n\n\n<div class=\"is-layout-flow wp-block-group alignwide\"><div class=\"wp-block-group__inner-container\">\n<h2 class=\"has-text-align-center has-accent-color has-text-color\">\u201d<strong>Social justice, equal opportunity, access to education and respect for language, cultural and human dignity<\/strong>\u201d<\/h2>\n<\/div><\/div>\n\n\n\n<p class=\"has-drop-cap\">We intend to exploit the opportunity for the artists to interact with genius loci of the place marked by trauma of the Holocaust through their site-specific projects during all events. We believe that the artists will be responsive enough to create a productive tension between past and present.<\/p>\n\n\n\n<p><\/p>\n\n\n\n<p><\/p>\n\n\n\n<div class=\"is-layout-flow wp-block-group alignwide has-background\" style=\"background-color:#ffffff\"><div class=\"wp-block-group__inner-container\">\n<div style=\"height:32px\" aria-hidden=\"true\" class=\"wp-block-spacer\"><\/div>\n<\/div><\/div>\n\n\n\n<figure class=\"is-layout-flex wp-block-gallery-11 wp-block-gallery alignwide has-nested-images columns-default is-cropped\">\n<figure class=\"wp-block-image size-large\"><img decoding=\"async\" loading=\"lazy\" width=\"1024\" height=\"842\" data-id=\"1408\"  src=\"http:\/\/artandholocaust.sk\/wp-content\/uploads\/2023\/03\/DSC8412-1024x842.jpg\" alt=\"\" class=\"wp-image-1408\" srcset=\"https:\/\/artandholocaust.sk\/wp-content\/uploads\/2023\/03\/DSC8412-1024x842.jpg 1024w, https:\/\/artandholocaust.sk\/wp-content\/uploads\/2023\/03\/DSC8412-300x247.jpg 300w, https:\/\/artandholocaust.sk\/wp-content\/uploads\/2023\/03\/DSC8412-768x631.jpg 768w, https:\/\/artandholocaust.sk\/wp-content\/uploads\/2023\/03\/DSC8412.jpg 1280w\" sizes=\"(max-width: 1024px) 100vw, 1024px\" \/><\/figure>\n\n\n\n<figure class=\"wp-block-image size-large\"><img decoding=\"async\" loading=\"lazy\" width=\"1024\" height=\"683\" data-id=\"1407\"  src=\"http:\/\/artandholocaust.sk\/wp-content\/uploads\/2023\/03\/DSC8401-1024x683.jpg\" alt=\"\" class=\"wp-image-1407\" srcset=\"https:\/\/artandholocaust.sk\/wp-content\/uploads\/2023\/03\/DSC8401-1024x683.jpg 1024w, https:\/\/artandholocaust.sk\/wp-content\/uploads\/2023\/03\/DSC8401-300x200.jpg 300w, https:\/\/artandholocaust.sk\/wp-content\/uploads\/2023\/03\/DSC8401-768x512.jpg 768w, https:\/\/artandholocaust.sk\/wp-content\/uploads\/2023\/03\/DSC8401-150x100.jpg 150w, https:\/\/artandholocaust.sk\/wp-content\/uploads\/2023\/03\/DSC8401.jpg 1280w\" sizes=\"(max-width: 1024px) 100vw, 1024px\" \/><\/figure>\n<\/figure>\n\n\n\n<hr class=\"wp-block-separator has-alpha-channel-opacity\"\/>\n\n\n<div class=\"wp-block-image\">\n<figure class=\"alignleft size-full\"><img decoding=\"async\" loading=\"lazy\" width=\"80\" height=\"113\" src=\"http:\/\/artandholocaust.sk\/wp-content\/uploads\/2022\/11\/erb_sk.png\" alt=\"\" class=\"wp-image-657\"\/><\/figure><\/div>\n\n\n<p><strong>Thanks for the support<\/strong><\/p>\n\n\n\n<p>The ART &amp; HOLOCAUST benefits from a&nbsp;98 600\u20ac grant from Iceland, Liechtenstein and Norway trough the EEA grants. The project has been co-financed from the State budget of the Slovak Republic in the amount of 17&nbsp;400\u20ac and the Pre\u0161ov self-governing region in the amount of \u20ac6,100. The aim of the project is to commemorate, educate and affect senses of the young generation and of the general public through the various artistic events, educative lectures, film projections and also by direct engaging of the students and young people in the creative action.<\/p>\n","protected":false},"excerpt":{"rendered":"<p>Tatra Gallery Poprad is established and organizes its activities within the wider area of the historical Spi\u0161 county in Pre\u0161ov self-governing region and its districts Poprad, Ke\u017emarok, Star\u00e1 \u013dubov\u0148a, Levo\u010da.&hellip;<\/p>\n","protected":false},"author":1,"featured_media":0,"parent":0,"menu_order":0,"comment_status":"closed","ping_status":"closed","template":"","meta":{"_monsterinsights_skip_tracking":false,"_monsterinsights_sitenote_active":false,"_monsterinsights_sitenote_note":"","_monsterinsights_sitenote_category":0,"ngg_post_thumbnail":0},"translation":{"provider":"WPGlobus","version":"3.0.0","language":"en","enabled_languages":["sk","en"],"languages":{"sk":{"title":true,"content":true,"excerpt":false},"en":{"title":true,"content":true,"excerpt":false}}},"_links":{"self":[{"href":"https:\/\/artandholocaust.sk\/en\/wp-json\/wp\/v2\/pages\/13"}],"collection":[{"href":"https:\/\/artandholocaust.sk\/en\/wp-json\/wp\/v2\/pages"}],"about":[{"href":"https:\/\/artandholocaust.sk\/en\/wp-json\/wp\/v2\/types\/page"}],"author":[{"embeddable":true,"href":"https:\/\/artandholocaust.sk\/en\/wp-json\/wp\/v2\/users\/1"}],"replies":[{"embeddable":true,"href":"https:\/\/artandholocaust.sk\/en\/wp-json\/wp\/v2\/comments?post=13"}],"version-history":[{"count":6,"href":"https:\/\/artandholocaust.sk\/en\/wp-json\/wp\/v2\/pages\/13\/revisions"}],"predecessor-version":[{"id":4740,"href":"https:\/\/artandholocaust.sk\/en\/wp-json\/wp\/v2\/pages\/13\/revisions\/4740"}],"wp:attachment":[{"href":"https:\/\/artandholocaust.sk\/en\/wp-json\/wp\/v2\/media?parent=13"}],"curies":[{"name":"wp","href":"https:\/\/api.w.org\/{rel}","templated":true}]}}