{"id":127,"date":"2022-10-31T11:24:46","date_gmt":"2022-10-31T10:24:46","guid":{"rendered":"http:\/\/holocaust.great-site.net\/?page_id=127"},"modified":"2024-04-25T02:17:39","modified_gmt":"2024-04-25T00:17:39","slug":"sympozium","status":"publish","type":"page","link":"https:\/\/artandholocaust.sk\/en\/sympozium\/","title":{"rendered":"Symp\u00f3zium"},"content":{"rendered":"\n<a id=\"smalt2\" class=\"toppad\"> <\/a>\n\n\n<div class=\"wp-block-image\">\n<figure class=\"alignleft size-full\"><img decoding=\"async\" loading=\"lazy\" width=\"570\" height=\"817\" src=\"http:\/\/artandholocaust.sk\/wp-content\/uploads\/2024\/04\/plagat-malba-smaltom.jpg\" alt=\"\" class=\"wp-image-3424\" srcset=\"https:\/\/artandholocaust.sk\/wp-content\/uploads\/2024\/04\/plagat-malba-smaltom.jpg 570w, https:\/\/artandholocaust.sk\/wp-content\/uploads\/2024\/04\/plagat-malba-smaltom-209x300.jpg 209w\" sizes=\"(max-width: 570px) 100vw, 570px\" \/><\/figure><\/div>\n\n\n<p class=\"has-drop-cap\">V porad\u00ed druh\u00e9 symp\u00f3zium ma\u013eby smaltom prebehlo v d\u0148och <strong>11.3. &#8211; 14.3. 2024<\/strong> vo <strong>Fr\u00fddku-M\u00edstku<\/strong> v <strong>Dielni umeleck\u00e9ho smaltu<\/strong>. Pri pr\u00edle\u017eitosti spomienky na<strong> prv\u00fd transport \u017eidovsk\u00fdch diev\u010dat<\/strong> a \u017eien <strong>z Popradu do Auschwitzu<\/strong>, ktor\u00fd si pripom\u00edname <strong>25. marca<\/strong>, prebehla vernis\u00e1\u017e v\u00fdstavy diel zo symp\u00f3zia. V\u00fdstava je k videniu v priestoroch <strong>Artklub<\/strong>u Tatranskej gal\u00e9rie v Poprade a\u017e do <strong>5.5.2024<\/strong>. Srde\u010dne poz\u00fdvame.<\/p>\n\n\n\n<div style=\"height:100px\" aria-hidden=\"true\" class=\"wp-block-spacer\"><\/div>\n\n\n\n<figure class=\"wp-block-embed is-type-video is-provider-youtube wp-block-embed-youtube wp-embed-aspect-16-9 wp-has-aspect-ratio\"><div class=\"wp-block-embed__wrapper\">\n<iframe loading=\"lazy\" title=\"Ma\u013eba smaltom v plnej kr\u00e1se\" width=\"440\" height=\"248\" src=\"https:\/\/www.youtube.com\/embed\/ESMzJ30Hy34?feature=oembed\" frameborder=\"0\" allow=\"accelerometer; autoplay; clipboard-write; encrypted-media; gyroscope; picture-in-picture; web-share\" referrerpolicy=\"strict-origin-when-cross-origin\" allowfullscreen><\/iframe>\n<\/div><\/figure>\n\n\n\n<h2 class=\"has-text-align-center\">Fotogal\u00e9ria<\/h2>\n\n\n\nngg_shortcode_0_placeholder\n\n\n\n<hr class=\"wp-block-separator has-alpha-channel-opacity\"\/>\n\n\n\n<a id=\"smalt1\" class=\"toppad\"><\/a>\n\n\n<div class=\"wp-block-image\">\n<figure class=\"alignright size-full\"><a href=\"http:\/\/artandholocaust.sk\/wp-content\/uploads\/2023\/11\/AH-Sympozium-malby-2023-A3.pdf\"><img decoding=\"async\" loading=\"lazy\" width=\"488\" height=\"701\" src=\"http:\/\/artandholocaust.sk\/wp-content\/uploads\/2023\/11\/AH-Sympozium-malby-2023-web.jpg\" alt=\"\" class=\"wp-image-2808\" srcset=\"https:\/\/artandholocaust.sk\/wp-content\/uploads\/2023\/11\/AH-Sympozium-malby-2023-web.jpg 488w, https:\/\/artandholocaust.sk\/wp-content\/uploads\/2023\/11\/AH-Sympozium-malby-2023-web-209x300.jpg 209w\" sizes=\"(max-width: 488px) 100vw, 488px\" \/><\/a><\/figure><\/div>\n\n\n<p class=\"has-drop-cap\">Symp\u00f3zium ma\u013eby smaltom bolo venovan\u00e9 v\u0161etk\u00fdm obetiam holokaustu a spomienke na <strong>Jozefa Korn\u00facika<\/strong> a <strong>Michala Tremb\u00e1\u010da<\/strong>. Umeleck\u00e9 symp\u00f3zium sa uskuto\u010dnilo koncom okt\u00f3bra a \u00fa\u010dastnili sa ho <strong>V\u00edt Boj\u0148ansk\u00fd<\/strong>, <strong>Annam\u00e1ria Mikul\u00edkov\u00e1<\/strong>, <strong>Peter Poll\u00e1g<\/strong>, <strong>Martin Prokopovi\u010d<\/strong> a <strong>Peter Tremb\u00e1\u010d<\/strong>. Vytvoren\u00e9 diela s\u00fa nain\u0161talovan\u00e9 a m\u00f4\u017eete si ich prehliadnu\u0165 v <strong>Artklube Tatranskej gal\u00e9rie<\/strong> od <strong>24.11.2023<\/strong>. Kur\u00e1torkou symp\u00f3zia je Anna Ondru\u0161ekov\u00e1.<\/p>\n\n\n\n<div class=\"is-layout-constrained wp-block-group\"><div class=\"wp-block-group__inner-container\">\n<div style=\"height:7px\" aria-hidden=\"true\" class=\"wp-block-spacer\"><\/div>\n<\/div><\/div>\n\n\n\n<h2 class=\"has-text-align-center\">Fotogal\u00e9ria <\/h2>\n\n\n\n<h3 class=\"has-text-align-center\">Symp\u00f3zium<\/h3>\n\n\n\nngg_shortcode_1_placeholder\n\n\n\n<h3 class=\"has-text-align-center\">V\u00fdstava v Artklube TG<\/h3>\n\n\n\nngg_shortcode_2_placeholder\n","protected":false},"excerpt":{"rendered":"<p>V porad\u00ed druh\u00e9 symp\u00f3zium ma\u013eby smaltom prebehlo v d\u0148och 11.3. &#8211; 14.3. 2024 vo Fr\u00fddku-M\u00edstku v Dielni umeleck\u00e9ho smaltu. Pri pr\u00edle\u017eitosti spomienky na prv\u00fd transport \u017eidovsk\u00fdch diev\u010dat a \u017eien z&hellip;<\/p>\n","protected":false},"author":1,"featured_media":0,"parent":0,"menu_order":0,"comment_status":"closed","ping_status":"closed","template":"","meta":{"_monsterinsights_skip_tracking":false,"_monsterinsights_sitenote_active":false,"_monsterinsights_sitenote_note":"","_monsterinsights_sitenote_category":0,"ngg_post_thumbnail":0},"translation":{"provider":"WPGlobus","version":"3.0.0","language":"en","enabled_languages":["sk","en"],"languages":{"sk":{"title":true,"content":true,"excerpt":false},"en":{"title":false,"content":false,"excerpt":false}}},"_links":{"self":[{"href":"https:\/\/artandholocaust.sk\/en\/wp-json\/wp\/v2\/pages\/127"}],"collection":[{"href":"https:\/\/artandholocaust.sk\/en\/wp-json\/wp\/v2\/pages"}],"about":[{"href":"https:\/\/artandholocaust.sk\/en\/wp-json\/wp\/v2\/types\/page"}],"author":[{"embeddable":true,"href":"https:\/\/artandholocaust.sk\/en\/wp-json\/wp\/v2\/users\/1"}],"replies":[{"embeddable":true,"href":"https:\/\/artandholocaust.sk\/en\/wp-json\/wp\/v2\/comments?post=127"}],"version-history":[{"count":6,"href":"https:\/\/artandholocaust.sk\/en\/wp-json\/wp\/v2\/pages\/127\/revisions"}],"predecessor-version":[{"id":4342,"href":"https:\/\/artandholocaust.sk\/en\/wp-json\/wp\/v2\/pages\/127\/revisions\/4342"}],"wp:attachment":[{"href":"https:\/\/artandholocaust.sk\/en\/wp-json\/wp\/v2\/media?parent=127"}],"curies":[{"name":"wp","href":"https:\/\/api.w.org\/{rel}","templated":true}]}}