{"id":125,"date":"2022-10-31T11:24:25","date_gmt":"2022-10-31T10:24:25","guid":{"rendered":"http:\/\/holocaust.great-site.net\/?page_id=125"},"modified":"2024-04-25T02:04:38","modified_gmt":"2024-04-25T00:04:38","slug":"vystavy","status":"publish","type":"page","link":"https:\/\/artandholocaust.sk\/en\/vystavy\/","title":{"rendered":"Exhibitions"},"content":{"rendered":"\n<h3>Ivan K\u00f6hler <\/h3>\n\n\n\n<h2>Residence of Death \u2013 Jude\u2019s Fate<\/h2>\n\n\n\n<p>Ivan K\u00f6hler, artist, art photographer from \u017dilina exhibited in the Tatransk\u00e1 gallery several times. One of the more serious offers from the gallery to the author was to prepare an unconventional exhibition on the topic of the Holocaust and the anniversary of the transport of Jewish women and girls from Poprad to Auschwitz on March 25, 1942. We have been commemorating this serious and sad event in the Tatra Gallery next to the railway station for more than 23 years under the management of SNM &#8211; Museum of Jewish Culture in Bratislava.<\/p>\n\n\n\n<figure class=\"wp-block-image size-full\"><img decoding=\"async\" loading=\"lazy\" width=\"1024\" height=\"768\" src=\"http:\/\/artandholocaust.sk\/wp-content\/uploads\/2023\/01\/foto-TG_143605-web.jpg\" alt=\"\" class=\"wp-image-970\" srcset=\"https:\/\/artandholocaust.sk\/wp-content\/uploads\/2023\/01\/foto-TG_143605-web.jpg 1024w, https:\/\/artandholocaust.sk\/wp-content\/uploads\/2023\/01\/foto-TG_143605-web-300x225.jpg 300w, https:\/\/artandholocaust.sk\/wp-content\/uploads\/2023\/01\/foto-TG_143605-web-768x576.jpg 768w\" sizes=\"(max-width: 1024px) 100vw, 1024px\" \/><figcaption class=\"wp-element-caption\"><br> How to portray this theme? Intriguing, but not provoking. To be open, at the same time compassionate. Accessible to both adults and the younger generation.<br>After studying a lot of materials, Ivan K\u00f6hler dared to visit the concentration camp in Auschwitz and began to process this topic responsibly.<br>As he himself says: &#8220;Expressing my position on the Holocaust, even directly on the transport of Jews from Poprad to Auschwitz, was one of the most difficult tasks in my Kum\u0161tyr activity. In addition, it is colored by the fact that the next day after Poprad, the transport left from my beloved \u017dilina. And it&#8217;s been 80 years. Anniversary. Anniversary of what? Crazy,&#8221; he confesses.<br><br>Recalling his early student days, he claims that atrocities committed against Jews were still taboo in the school curriculum for a long time. &#8220;Before I started creating, I had to study a lot of materials, because nobody ever informed us about it at school. I was born in Hitler&#8217;s Slovak state, shortly before the end of the 2nd World War, and this topic was not opened until many years later. Even so, I am amazed that some people are still able to question the Holocaust today. All the horrors, refined brutalities and sadism I have read about in the books published so far are true &#8211; there is no dispute about that. This exhibition is something I did with shaky knees,&#8221; he admits. To be more authentic, he went directly to the concentration camp. &#8220;Having permission to photograph in depositories gave me a lot of work. The amount of glasses, teeth, hair, clothes and even toys and dolls put me in front of unsolvable statements. You can see the result at the exhibition in Poprad and \u017dilina.&#8221;<br><br>K\u00f6hler took the subject brilliantly in his own way. He inserted suggestive photos in hints into graphic images. You feel like you&#8217;re looking at a colorful, graphically perfect image, and suddenly terrifying details come to the fore. &#8220;I don&#8217;t want to and I can&#8217;t express myself historically. The task I set for myself when putting together the exhibition from various sections in Auschwitz was to capture the unique elements of the moral strength of a person in distress and danger,&#8221; he explains.<\/figcaption><\/figure>\n\n\n\n<figure class=\"wp-block-image size-large\"><img decoding=\"async\" loading=\"lazy\" width=\"1024\" height=\"768\" src=\"http:\/\/artandholocaust.sk\/wp-content\/uploads\/2023\/01\/foto-TG_143527-1024x768.jpg\" alt=\"\" class=\"wp-image-1010\" srcset=\"https:\/\/artandholocaust.sk\/wp-content\/uploads\/2023\/01\/foto-TG_143527-1024x768.jpg 1024w, https:\/\/artandholocaust.sk\/wp-content\/uploads\/2023\/01\/foto-TG_143527-300x225.jpg 300w, https:\/\/artandholocaust.sk\/wp-content\/uploads\/2023\/01\/foto-TG_143527-768x576.jpg 768w, https:\/\/artandholocaust.sk\/wp-content\/uploads\/2023\/01\/foto-TG_143527-1536x1152.jpg 1536w, https:\/\/artandholocaust.sk\/wp-content\/uploads\/2023\/01\/foto-TG_143527-2048x1536.jpg 2048w\" sizes=\"(max-width: 1024px) 100vw, 1024px\" \/><figcaption class=\"wp-element-caption\"><br>A Slovak woman of Jewish origin was one of the first to be taken to Auschwitz in March 1942. In the death camp, SS member Franz Wunsch fell in love with her when she tearfully sang him a German song at his birthday party. This love saved her life. She became his prot\u00e9g\u00e9 and later he spared her sister from the gas chambers as well. Both finally lived to the end of the war. Helena died three years ago. &#8220;Jewish women were beautiful women and the SS noticed it. In the case of this girl, I touched on the monstrous, indescribable things that happened in the women&#8217;s camp,&#8221; added Ivan Kelly K\u00f6hler.<br>The exhibition consists of 20 works, symbolizing the return of only 20 women from the entire first transport, which left Poprad on March 25, 1942 at 8:00 p.m. and 20:00 p.m.<br><br>Anna Ondru\u0161ekov\u00e1<\/figcaption><\/figure>\n\n\n\n<div style=\"height:61px\" aria-hidden=\"true\" class=\"wp-block-spacer\"><\/div>\n\n\n\nngg_shortcode_0_placeholder\n\n\n\n<hr class=\"wp-block-separator has-alpha-channel-opacity\"\/>\n\n\n\n<h3>As part of the project, we are planning the following exhibition activities :<\/h3>\n\n\n\n<ul>\n<li>The exhibition of the partner institution Oslo Holocaust Museum \u2013 the exhibition of renowned Norwegian artist Victor Lind on the theme of the Holocaust<\/li>\n\n\n\n<li>The extensive exhibition project \u201cCity and Space Remember\u201d addressing contemporary artists on the theme of the Holocaust, fates of women, families, cities, etc.<\/li>\n\n\n\n<li>The photography exhibition on the theme of fight against extremism, xenophobia and racial hatred (prof. \u013dubom\u00edr Stacho)<\/li>\n\n\n\n<li>The student works exhibition on the theme of the Holocaust <\/li>\n\n\n\n<li>The exhibition of the works of art created at the international art symposium<\/li>\n<\/ul>\n\n\n\n<figure class=\"wp-block-image size-large\"><img decoding=\"async\" loading=\"lazy\" width=\"1024\" height=\"681\" src=\"http:\/\/artandholocaust.sk\/wp-content\/uploads\/2022\/11\/vystavy-1024x681.jpg\" alt=\"\" class=\"wp-image-662\" srcset=\"https:\/\/artandholocaust.sk\/wp-content\/uploads\/2022\/11\/vystavy-1024x681.jpg 1024w, https:\/\/artandholocaust.sk\/wp-content\/uploads\/2022\/11\/vystavy-300x199.jpg 300w, https:\/\/artandholocaust.sk\/wp-content\/uploads\/2022\/11\/vystavy-768x511.jpg 768w, https:\/\/artandholocaust.sk\/wp-content\/uploads\/2022\/11\/vystavy-1536x1021.jpg 1536w, https:\/\/artandholocaust.sk\/wp-content\/uploads\/2022\/11\/vystavy-2048x1362.jpg 2048w, https:\/\/artandholocaust.sk\/wp-content\/uploads\/2022\/11\/vystavy-150x100.jpg 150w\" sizes=\"(max-width: 1024px) 100vw, 1024px\" \/><\/figure>\n","protected":false},"excerpt":{"rendered":"<p>Ivan K\u00f6hler Residence of Death \u2013 Jude\u2019s Fate Ivan K\u00f6hler, artist, art photographer from \u017dilina exhibited in the Tatransk\u00e1 gallery several times. One of the more serious offers from the&hellip;<\/p>\n","protected":false},"author":1,"featured_media":0,"parent":0,"menu_order":0,"comment_status":"closed","ping_status":"closed","template":"","meta":{"_monsterinsights_skip_tracking":false,"_monsterinsights_sitenote_active":false,"_monsterinsights_sitenote_note":"","_monsterinsights_sitenote_category":0,"ngg_post_thumbnail":0},"translation":{"provider":"WPGlobus","version":"3.0.0","language":"en","enabled_languages":["sk","en"],"languages":{"sk":{"title":true,"content":true,"excerpt":false},"en":{"title":true,"content":true,"excerpt":false}}},"_links":{"self":[{"href":"https:\/\/artandholocaust.sk\/en\/wp-json\/wp\/v2\/pages\/125"}],"collection":[{"href":"https:\/\/artandholocaust.sk\/en\/wp-json\/wp\/v2\/pages"}],"about":[{"href":"https:\/\/artandholocaust.sk\/en\/wp-json\/wp\/v2\/types\/page"}],"author":[{"embeddable":true,"href":"https:\/\/artandholocaust.sk\/en\/wp-json\/wp\/v2\/users\/1"}],"replies":[{"embeddable":true,"href":"https:\/\/artandholocaust.sk\/en\/wp-json\/wp\/v2\/comments?post=125"}],"version-history":[{"count":6,"href":"https:\/\/artandholocaust.sk\/en\/wp-json\/wp\/v2\/pages\/125\/revisions"}],"predecessor-version":[{"id":4338,"href":"https:\/\/artandholocaust.sk\/en\/wp-json\/wp\/v2\/pages\/125\/revisions\/4338"}],"wp:attachment":[{"href":"https:\/\/artandholocaust.sk\/en\/wp-json\/wp\/v2\/media?parent=125"}],"curies":[{"name":"wp","href":"https:\/\/api.w.org\/{rel}","templated":true}]}}